{"id":5497,"date":"2026-02-18T17:28:17","date_gmt":"2026-02-18T14:28:17","guid":{"rendered":"https:\/\/doobop.fi\/?page_id=5497"},"modified":"2026-02-18T18:16:50","modified_gmt":"2026-02-18T15:16:50","slug":"david-still","status":"publish","type":"page","link":"https:\/\/doobop.fi\/?page_id=5497","title":{"rendered":"2026 Spring Art\u00a0Exhibition"},"content":{"rendered":"\n<p><\/p>\n\n\n\n<h2 class=\"wp-block-heading\"><strong>Miroslava Sharaievskaya<\/strong><\/h2>\n\n\n\n<p><strong>\u201cVaasa Through the Eyes of a Teenager\u201d<\/strong><\/p>\n\n\n\n<p>Miroslava Sharaievskaya moved to Vaasa with her family from Ukraine in 2023.<br>She is 14 years old and looks at the world through a teenager\u2019s eyes \u2014 with curiosity and a freedom from fixed patterns.<\/p>\n\n\n\n<p>In her hands, markers and fineliners become tools of observation: building lines, street intersections, and the silhouettes of old facades come together as lively architectural sketches. She does not draw idealized architecture, but architecture as it lives beside her \u2014 with uneven lines, unexpected angles, and a strong sense of being \u201chere and now.\u201d<\/p>\n\n\n\n<p>For Miroslava, Vaasa is not just a city, but a space of moods, rhythms, and subtle details that are easy to miss if you don\u2019t know how to look. Through her sketches, the city unfolds like a personal visual diary \u2014 sincere, alive, and filled with a sense of the future, where every line is an attempt to understand the city and her place within it.<\/p>\n\n\n\n<p>The exhibition <strong>\u201cVaasa Through the Eyes of a Teenager\u201d<\/strong> is an invitation to see familiar streets in a new way.<\/p>\n\n\n\n<figure class=\"wp-block-image size-large\"><img loading=\"lazy\" decoding=\"async\" width=\"1024\" height=\"1024\" src=\"https:\/\/doobop.fi\/wp-content\/uploads\/2026\/02\/Miroslava-1000017625-1024x1024.jpg\" alt=\"\" class=\"wp-image-5494\" srcset=\"https:\/\/doobop.fi\/wp-content\/uploads\/2026\/02\/Miroslava-1000017625-1024x1024.jpg 1024w, https:\/\/doobop.fi\/wp-content\/uploads\/2026\/02\/Miroslava-1000017625-300x300.jpg 300w, https:\/\/doobop.fi\/wp-content\/uploads\/2026\/02\/Miroslava-1000017625-150x150.jpg 150w, https:\/\/doobop.fi\/wp-content\/uploads\/2026\/02\/Miroslava-1000017625-768x768.jpg 768w, https:\/\/doobop.fi\/wp-content\/uploads\/2026\/02\/Miroslava-1000017625-1536x1536.jpg 1536w, https:\/\/doobop.fi\/wp-content\/uploads\/2026\/02\/Miroslava-1000017625-2048x2048.jpg 2048w\" sizes=\"auto, (max-width: 1024px) 100vw, 1024px\" \/><\/figure>\n\n\n\n<p><\/p>\n\n\n\n<figure class=\"wp-block-image size-large\"><img loading=\"lazy\" decoding=\"async\" width=\"1024\" height=\"768\" src=\"https:\/\/doobop.fi\/wp-content\/uploads\/2026\/02\/Miroslava-1000017623-1024x768.jpg\" alt=\"\" class=\"wp-image-5492\" srcset=\"https:\/\/doobop.fi\/wp-content\/uploads\/2026\/02\/Miroslava-1000017623-1024x768.jpg 1024w, https:\/\/doobop.fi\/wp-content\/uploads\/2026\/02\/Miroslava-1000017623-300x225.jpg 300w, https:\/\/doobop.fi\/wp-content\/uploads\/2026\/02\/Miroslava-1000017623-768x576.jpg 768w, https:\/\/doobop.fi\/wp-content\/uploads\/2026\/02\/Miroslava-1000017623-1536x1152.jpg 1536w, https:\/\/doobop.fi\/wp-content\/uploads\/2026\/02\/Miroslava-1000017623-2048x1536.jpg 2048w\" sizes=\"auto, (max-width: 1024px) 100vw, 1024px\" \/><\/figure>\n\n\n\n<p><a href=\"http:\/\/instagram.com\/art_mirash\/\"><strong>instagram.com\/art_mirash\/<\/strong><\/a><\/p>\n\n\n\n<p><\/p>\n\n\n\n<p><\/p>\n\n\n\n<h2 class=\"wp-block-heading\">David Still<span id=\"docs-internal-guid-ea4d3929-7fff-1c87-6cdb-18cf627e2f59\" style=\"white-space: normal; caret-color: rgb(0, 0, 0); color: rgb(0, 0, 0);\"><\/span><span id=\"docs-internal-guid-ea4d3929-7fff-1c87-6cdb-18cf627e2f59\" style=\"white-space: normal; caret-color: rgb(0, 0, 0); color: rgb(0, 0, 0);\"><\/span><\/h2>\n\n\n\n<p>In some selected works from the exhibition &#8220;Mellanrum,&#8221; David Still presents images from everyday life, small moments between life&#8217;s major events. What has the man said that evokes such a reaction among his friends? What is the book about, and how does it end? Narrative painting offers clues about what is happening but also invites the viewer to fill in part of the story themselves.<\/p>\n\n\n\n<p>Among the exhibited works are also some newer pieces, where the content is a bit harder to interpret. In search of a kind of abstract symbolism, David tries to find images that clearly have meaning, but where that meaning is not as obvious. Some truths cannot be seen directly but must be sensed from the corner of one&#8217;s eye.<\/p>\n\n\n\n<p>I n\u00e5gra utvalda verk ur utst\u00e4llningen Mellanrum visar David Still bilder ur vardagen, sm\u00e5 \u00f6gonblick mellan livets stora h\u00e4ndelser. Vad har mannen sagt som f\u00e5r en s\u00e5dan reaktion bland sina v\u00e4nner? Vad handlar boken om, och hur slutar den? Ber\u00e4ttande m\u00e5leri ger ledtr\u00e5dar om vad som p\u00e5g\u00e5r, men bjuder ocks\u00e5 in \u00e5sk\u00e5daren att sj\u00e4lv fylla i en del av ber\u00e4ttelsen.<\/p>\n\n\n\n<p>Bland de utst\u00e4llda verken finns ocks\u00e5 n\u00e5gra nyare verk, d\u00e4r inneh\u00e5llet \u00e4r lite sv\u00e5rare att tyda. P\u00e5 jakt efter ett slags abstrakt symbolik f\u00f6rs\u00f6ker David hitta bilder som klart har en betydelse, men d\u00e4r det inte \u00e4r lika klart vad den betydelsen \u00e4r. Vissa sanningar l\u00e5ter sig inte ses med en rak blick, utan m\u00e5ste f\u00f6rnimmas ur \u00f6gonvr\u00e5n.<\/p>\n\n\n\n<p>David Still kommer fr\u00e5n Vasa, och bor och m\u00e5lar i V\u00f6r\u00e5, d\u00e4r han ocks\u00e5 driver inramningsatelj\u00e9n Konst o S\u00e5nt.<\/p>\n\n\n\n<p><a href=\"http:\/\/davidstillart.com\/\">davidstillart.com<\/a><\/p>\n\n\n\n<figure class=\"wp-block-image size-large\"><img loading=\"lazy\" decoding=\"async\" width=\"1024\" height=\"696\" src=\"https:\/\/doobop.fi\/wp-content\/uploads\/2026\/02\/David-Still-2023-0504-The-Pun-final-2000px-01-1024x696.jpg\" alt=\"\" class=\"wp-image-5488\" srcset=\"https:\/\/doobop.fi\/wp-content\/uploads\/2026\/02\/David-Still-2023-0504-The-Pun-final-2000px-01-1024x696.jpg 1024w, https:\/\/doobop.fi\/wp-content\/uploads\/2026\/02\/David-Still-2023-0504-The-Pun-final-2000px-01-300x204.jpg 300w, https:\/\/doobop.fi\/wp-content\/uploads\/2026\/02\/David-Still-2023-0504-The-Pun-final-2000px-01-768x522.jpg 768w, https:\/\/doobop.fi\/wp-content\/uploads\/2026\/02\/David-Still-2023-0504-The-Pun-final-2000px-01-1536x1044.jpg 1536w, https:\/\/doobop.fi\/wp-content\/uploads\/2026\/02\/David-Still-2023-0504-The-Pun-final-2000px-01.jpg 2000w\" sizes=\"auto, (max-width: 1024px) 100vw, 1024px\" \/><\/figure>\n\n\n\n<p><\/p>\n\n\n\n<figure class=\"wp-block-image size-large\"><img loading=\"lazy\" decoding=\"async\" width=\"1024\" height=\"1024\" src=\"https:\/\/doobop.fi\/wp-content\/uploads\/2026\/02\/David-Still-2024-0409-I-skymningen-final-instacrop-02-1024x1024.jpg\" alt=\"\" class=\"wp-image-5489\" srcset=\"https:\/\/doobop.fi\/wp-content\/uploads\/2026\/02\/David-Still-2024-0409-I-skymningen-final-instacrop-02-1024x1024.jpg 1024w, https:\/\/doobop.fi\/wp-content\/uploads\/2026\/02\/David-Still-2024-0409-I-skymningen-final-instacrop-02-300x300.jpg 300w, https:\/\/doobop.fi\/wp-content\/uploads\/2026\/02\/David-Still-2024-0409-I-skymningen-final-instacrop-02-150x150.jpg 150w, https:\/\/doobop.fi\/wp-content\/uploads\/2026\/02\/David-Still-2024-0409-I-skymningen-final-instacrop-02-768x768.jpg 768w, https:\/\/doobop.fi\/wp-content\/uploads\/2026\/02\/David-Still-2024-0409-I-skymningen-final-instacrop-02-1536x1536.jpg 1536w, https:\/\/doobop.fi\/wp-content\/uploads\/2026\/02\/David-Still-2024-0409-I-skymningen-final-instacrop-02-2048x2048.jpg 2048w\" sizes=\"auto, (max-width: 1024px) 100vw, 1024px\" \/><\/figure>\n\n\n\n<p><\/p>\n","protected":false},"excerpt":{"rendered":"<p>Miroslava Sharaievskaya \u201cVaasa Through the Eyes of a Teenager\u201d Miroslava Sharaievskaya moved to Vaasa with her family from Ukraine in 2023.She is 14 years old and looks at the world through a teenager\u2019s eyes \u2014 with curiosity and a freedom from fixed patterns. In her hands, markers and fineliners become tools of observation: building lines, &hellip; <a href=\"https:\/\/doobop.fi\/?page_id=5497\" class=\"more-link\">Continue reading <span class=\"screen-reader-text\">2026 Spring Art\u00a0Exhibition<\/span><\/a><\/p>\n","protected":false},"author":5,"featured_media":0,"parent":0,"menu_order":0,"comment_status":"closed","ping_status":"closed","template":"","meta":{"footnotes":""},"class_list":["post-5497","page","type-page","status-publish","hentry"],"yoast_head":"<!-- This site is optimized with the Yoast SEO plugin v27.5 - https:\/\/yoast.com\/product\/yoast-seo-wordpress\/ -->\n<title>2026 Spring Art\u00a0Exhibition - Doo-Bop Club<\/title>\n<meta name=\"robots\" content=\"index, follow, max-snippet:-1, max-image-preview:large, max-video-preview:-1\" \/>\n<link rel=\"canonical\" href=\"https:\/\/doobop.fi\/?page_id=5497\" \/>\n<meta property=\"og:locale\" content=\"en_US\" \/>\n<meta property=\"og:type\" content=\"article\" \/>\n<meta property=\"og:title\" content=\"2026 Spring Art\u00a0Exhibition - Doo-Bop Club\" \/>\n<meta property=\"og:description\" content=\"Miroslava Sharaievskaya \u201cVaasa Through the Eyes of a Teenager\u201d Miroslava Sharaievskaya moved to Vaasa with her family from Ukraine in 2023.She is 14 years old and looks at the world through a teenager\u2019s eyes \u2014 with curiosity and a freedom from fixed patterns. In her hands, markers and fineliners become tools of observation: building lines, &hellip; Continue reading 2026 Spring Art\u00a0Exhibition\" \/>\n<meta property=\"og:url\" content=\"https:\/\/doobop.fi\/?page_id=5497\" \/>\n<meta property=\"og:site_name\" content=\"Doo-Bop Club\" \/>\n<meta property=\"article:modified_time\" content=\"2026-02-18T15:16:50+00:00\" \/>\n<meta property=\"og:image\" content=\"https:\/\/doobop.fi\/wp-content\/uploads\/2026\/02\/Miroslava-1000017625-scaled.jpg\" \/>\n\t<meta property=\"og:image:width\" content=\"2560\" \/>\n\t<meta property=\"og:image:height\" content=\"2560\" \/>\n\t<meta property=\"og:image:type\" content=\"image\/jpeg\" \/>\n<meta name=\"twitter:card\" content=\"summary_large_image\" \/>\n<meta name=\"twitter:label1\" content=\"Est. reading time\" \/>\n\t<meta name=\"twitter:data1\" content=\"3 minutes\" \/>\n<script type=\"application\/ld+json\" class=\"yoast-schema-graph\">{\"@context\":\"https:\\\/\\\/schema.org\",\"@graph\":[{\"@type\":\"WebPage\",\"@id\":\"https:\\\/\\\/doobop.fi\\\/?page_id=5497\",\"url\":\"https:\\\/\\\/doobop.fi\\\/?page_id=5497\",\"name\":\"2026 Spring Art\u00a0Exhibition - Doo-Bop Club\",\"isPartOf\":{\"@id\":\"https:\\\/\\\/doobop.fi\\\/#website\"},\"primaryImageOfPage\":{\"@id\":\"https:\\\/\\\/doobop.fi\\\/?page_id=5497#primaryimage\"},\"image\":{\"@id\":\"https:\\\/\\\/doobop.fi\\\/?page_id=5497#primaryimage\"},\"thumbnailUrl\":\"https:\\\/\\\/doobop.fi\\\/wp-content\\\/uploads\\\/2026\\\/02\\\/Miroslava-1000017625-1024x1024.jpg\",\"datePublished\":\"2026-02-18T14:28:17+00:00\",\"dateModified\":\"2026-02-18T15:16:50+00:00\",\"breadcrumb\":{\"@id\":\"https:\\\/\\\/doobop.fi\\\/?page_id=5497#breadcrumb\"},\"inLanguage\":\"en\",\"potentialAction\":[{\"@type\":\"ReadAction\",\"target\":[\"https:\\\/\\\/doobop.fi\\\/?page_id=5497\"]}]},{\"@type\":\"ImageObject\",\"inLanguage\":\"en\",\"@id\":\"https:\\\/\\\/doobop.fi\\\/?page_id=5497#primaryimage\",\"url\":\"https:\\\/\\\/doobop.fi\\\/wp-content\\\/uploads\\\/2026\\\/02\\\/Miroslava-1000017625-scaled.jpg\",\"contentUrl\":\"https:\\\/\\\/doobop.fi\\\/wp-content\\\/uploads\\\/2026\\\/02\\\/Miroslava-1000017625-scaled.jpg\",\"width\":2560,\"height\":2560},{\"@type\":\"BreadcrumbList\",\"@id\":\"https:\\\/\\\/doobop.fi\\\/?page_id=5497#breadcrumb\",\"itemListElement\":[{\"@type\":\"ListItem\",\"position\":1,\"name\":\"Home\",\"item\":\"https:\\\/\\\/doobop.fi\\\/\"},{\"@type\":\"ListItem\",\"position\":2,\"name\":\"2026 Spring Art\u00a0Exhibition\"}]},{\"@type\":\"WebSite\",\"@id\":\"https:\\\/\\\/doobop.fi\\\/#website\",\"url\":\"https:\\\/\\\/doobop.fi\\\/\",\"name\":\"Doo-Bop Club\",\"description\":\"\",\"inLanguage\":\"en\"}]}<\/script>\n<!-- \/ Yoast SEO plugin. -->","yoast_head_json":{"title":"2026 Spring Art\u00a0Exhibition - Doo-Bop Club","robots":{"index":"index","follow":"follow","max-snippet":"max-snippet:-1","max-image-preview":"max-image-preview:large","max-video-preview":"max-video-preview:-1"},"canonical":"https:\/\/doobop.fi\/?page_id=5497","og_locale":"en_US","og_type":"article","og_title":"2026 Spring Art\u00a0Exhibition - Doo-Bop Club","og_description":"Miroslava Sharaievskaya \u201cVaasa Through the Eyes of a Teenager\u201d Miroslava Sharaievskaya moved to Vaasa with her family from Ukraine in 2023.She is 14 years old and looks at the world through a teenager\u2019s eyes \u2014 with curiosity and a freedom from fixed patterns. In her hands, markers and fineliners become tools of observation: building lines, &hellip; Continue reading 2026 Spring Art\u00a0Exhibition","og_url":"https:\/\/doobop.fi\/?page_id=5497","og_site_name":"Doo-Bop Club","article_modified_time":"2026-02-18T15:16:50+00:00","og_image":[{"width":2560,"height":2560,"url":"https:\/\/doobop.fi\/wp-content\/uploads\/2026\/02\/Miroslava-1000017625-scaled.jpg","type":"image\/jpeg"}],"twitter_card":"summary_large_image","twitter_misc":{"Est. reading time":"3 minutes"},"schema":{"@context":"https:\/\/schema.org","@graph":[{"@type":"WebPage","@id":"https:\/\/doobop.fi\/?page_id=5497","url":"https:\/\/doobop.fi\/?page_id=5497","name":"2026 Spring Art\u00a0Exhibition - Doo-Bop Club","isPartOf":{"@id":"https:\/\/doobop.fi\/#website"},"primaryImageOfPage":{"@id":"https:\/\/doobop.fi\/?page_id=5497#primaryimage"},"image":{"@id":"https:\/\/doobop.fi\/?page_id=5497#primaryimage"},"thumbnailUrl":"https:\/\/doobop.fi\/wp-content\/uploads\/2026\/02\/Miroslava-1000017625-1024x1024.jpg","datePublished":"2026-02-18T14:28:17+00:00","dateModified":"2026-02-18T15:16:50+00:00","breadcrumb":{"@id":"https:\/\/doobop.fi\/?page_id=5497#breadcrumb"},"inLanguage":"en","potentialAction":[{"@type":"ReadAction","target":["https:\/\/doobop.fi\/?page_id=5497"]}]},{"@type":"ImageObject","inLanguage":"en","@id":"https:\/\/doobop.fi\/?page_id=5497#primaryimage","url":"https:\/\/doobop.fi\/wp-content\/uploads\/2026\/02\/Miroslava-1000017625-scaled.jpg","contentUrl":"https:\/\/doobop.fi\/wp-content\/uploads\/2026\/02\/Miroslava-1000017625-scaled.jpg","width":2560,"height":2560},{"@type":"BreadcrumbList","@id":"https:\/\/doobop.fi\/?page_id=5497#breadcrumb","itemListElement":[{"@type":"ListItem","position":1,"name":"Home","item":"https:\/\/doobop.fi\/"},{"@type":"ListItem","position":2,"name":"2026 Spring Art\u00a0Exhibition"}]},{"@type":"WebSite","@id":"https:\/\/doobop.fi\/#website","url":"https:\/\/doobop.fi\/","name":"Doo-Bop Club","description":"","inLanguage":"en"}]}},"jetpack_sharing_enabled":true,"_links":{"self":[{"href":"https:\/\/doobop.fi\/index.php?rest_route=\/wp\/v2\/pages\/5497","targetHints":{"allow":["GET"]}}],"collection":[{"href":"https:\/\/doobop.fi\/index.php?rest_route=\/wp\/v2\/pages"}],"about":[{"href":"https:\/\/doobop.fi\/index.php?rest_route=\/wp\/v2\/types\/page"}],"author":[{"embeddable":true,"href":"https:\/\/doobop.fi\/index.php?rest_route=\/wp\/v2\/users\/5"}],"replies":[{"embeddable":true,"href":"https:\/\/doobop.fi\/index.php?rest_route=%2Fwp%2Fv2%2Fcomments&post=5497"}],"version-history":[{"count":3,"href":"https:\/\/doobop.fi\/index.php?rest_route=\/wp\/v2\/pages\/5497\/revisions"}],"predecessor-version":[{"id":5506,"href":"https:\/\/doobop.fi\/index.php?rest_route=\/wp\/v2\/pages\/5497\/revisions\/5506"}],"wp:attachment":[{"href":"https:\/\/doobop.fi\/index.php?rest_route=%2Fwp%2Fv2%2Fmedia&parent=5497"}],"curies":[{"name":"wp","href":"https:\/\/api.w.org\/{rel}","templated":true}]}}