{"id":5411,"date":"2025-12-03T14:20:04","date_gmt":"2025-12-03T11:20:04","guid":{"rendered":"https:\/\/doobop.fi\/?page_id=5411"},"modified":"2025-12-03T15:39:45","modified_gmt":"2025-12-03T12:39:45","slug":"past-events-2","status":"publish","type":"page","link":"https:\/\/doobop.fi\/?page_id=5411","title":{"rendered":"Past Events"},"content":{"rendered":"\n<figure class=\"wp-block-table\"><table class=\"has-fixed-layout\"><tbody><tr><td>Artist\/band\/Events<\/td><\/tr><tr><td><strong>2025 Fall<br><\/strong><br><br>The CONTINENTALS<br>Aurora Music Forum<br>Aurora Music Forum<br>Florian Fleischer und das Gelbe vom Ei (DEU\/MEX\/ESP\/LVA )<br>Sam&#8217;s Garage<br>The Haralds<br>Oiva Haapam\u00e4ki Quartet<br>Double feature: Manel Ferreira (PRT) + Tuomas Paukku<br>Nylund\/B\u00e4ckstr\u00f6m\/ Sandberg &#8211; Time Machine: 1965<br>The Stance Brothers<br>Willow Herd<br>Kjetil Mulelid Trio (NOR)<br>Timo R-J Quartet feat. Heidi Saarim\u00e4ki (Theme Night &#8211; Yarn &amp; Jazz)<br>Siina Suutarinen<br>Sandberg, Rinta &amp; Kantonen<br>Orphan Waves<br>New Bloom<br>Anders Lindh&#8217;s Orchestra + Dance Night<br>Rebecca Varhama<br>Mirella Pendolin<br>Sofia St.<br>Jerry Lindqvist<br>Jam Session w\/ Mathias Sandberg trio + Poetry Night<br>Olli Soikkeli &amp; Marian Petrescu<br>Kalhu<br>Matti Oja &amp; Mikko Pellinen Duo<\/td><\/tr><tr><td><strong>2025 Spring<br><\/strong><br>FolkBop: Thomas von Wachenfeldt &amp; Tomas S\u00f6derlund<br>Benjamin Nylund Quintet<br>Eva Vikman Duo<br>Mathias Sandberg Trio<br>Double feature: Wilhart &amp; The Punk Folk Band<br>Rebecca Varhama<br>Organic Growth<br>Sebastian Sundqvist Trio<br>FolkBop: Folkahko<br>Mimie Moore Jazz Edition<br>Kadi Vija 3<br>Julye Blom<br>Wasa Groove Unit<br>David Lyttle (IRL) w\/ Martin S\u00f6derbacka &amp; Eevalotta Matikainen<br>Matti Oja &amp; Mikko Pellinen<br>Nick Cavoli Quintet (ITA)<br>DOO-BOP CLUB 30TH ANNIVERSARY CELEBRATION: Jam Session<br>DOO-BOP CLUB 30TH ANNIVERSARY CELEBRATION: Ari Hoenig Trio (USA)<br>DOO-BOP CLUB 30TH ANNIVERSARY CELEBRATION: Maja Mannila Trio<br>FolkBop: TBA<br>Brian Charette (USA) w\/ Mathias Sandberg &amp; Teppo M\u00e4kynen<br>Double feature: Lau Nau &amp; Nightbird<br>Selim Rantapuro Quartet<br>A night of Billie<br>Fyrsken<br><\/td><\/tr><tr><td><strong>2024 Spring<br><\/strong><br>DUKE \u2013 125 Years of Ellington<br>FolkBop: Entiset Pojat<br>Salesvuo Syncopation<br>Markus Holthoer Trio<br>Zacharias Holmkvist Quartet<br>Wasa Groove Unit<br>Mostly My Music by Carla<br>B-sHarp Fusion Trio<br>Florian Fleischer Trio feat. Toms Rudzinskis (DEU\/LVA\/FIN)<br>Ayahuasca<br>Olli Virtanen Group (FIN\/SVN)<br>Joonas Haavisto &amp; Kestutis Vaiginis (FIN\/LTU)<br>Heerman-Sand\u00e5s-Rantala: FREVO<br>Nightbird + M\u00e4kkel\u00e4 (FIN\/DNK)<br>Mathias Sandberg Trio<br>Am\u00e9lie goes to Belgrad<br>Nick Cavoli Quintet (ITA)<br>Daniel Madsen<br>FolkBop: Al\u00e9a<br>Tuomas Sepp\u00e4nen Trio<br>Simon Zion<br>Lorenzo De Finti Quartet (ITA)<br>Mainland Jazz Collective (SWE)<br>Jam Session \u2013 Free Entry!<br>Arto Ik\u00e4valko Trio<\/td><\/tr><tr><td><strong>2024 Fall<br><\/strong><br><br>FOLKBOP: Arto &amp; Antti J\u00e4rvel\u00e4<br>Tuomo Uusitalo Trio<br>Sambaki<br>Mentyl (LTU\/ITA)<br>Mostly My Music by Carla<br>B\u00e4ckstr\u00f6m \/ Friman \/ Jensen (FIN\/DNK)<br>Sam&#8217;s Garage<br>Bill Meets Miles<br>FOLKBOP: Jimmy Traskelin<br>Zacharias Holmkvist Quartet \u2013 Album Release Concert!<br>Felipe Salles (BRA) w\/ Martin S\u00f6derbacka &amp; Eevalotta Matikainen<br>Crimson Peak<br>Frida Braxell (SWE)<br>The Collective Abroad (CZE\/DEU\/DNK\/SWE\/LTU)<br>Michael Bleu<br>Duke \u2013 125 Years of Ellington<br>Marcus S\u00f6derstr\u00f6m&#8217;s Collective<br>Josefiina Vannesluoma &amp; Mortal Lease<br>FOLKBOP: I Faalan &amp; Fort Big Band<br>Anno 22<br>Toninho Horta (BRA)<br>Jam Session w\/ Sandberg, von Numers &amp; Mustonen<br>Josen Pimea Puoli<br>Make Music Not Violence: A Concert to Raise Awareness of Violence Against Women<br>H\u00e5kan Brostr\u00f6m Quartet (SWE\/EST)<br>Vid Sketa (SVN)<\/td><\/tr><tr><td><strong>2023 Spring<br><\/strong><br><br>Jonathan B\u00e4ckstr\u00f6m Quartet (FIN\/SWE)<br>Bill \u00d6hrstr\u00f6m (SWE) &amp; Toni\u2019s Blues Trip<br>Rofus Quartet<br>The Haralds<br>Sam\u2019s Garage<br>Gunu plays Hargrove<br>Wasa Groove Unit<br>No Bass Trio<br>Trabant Express<br>Eva Vikman Duo<br>Wasa Lux<br>Arto Ik\u00e4valko Trio<br>She\u2019s Leaving Home<br>Teemu Kekkonen Trio<br>Los Cubatas<br>Mathias Sandberg \u2014 The Captain<br>Hortans \/ Winter<br>Anabasis<br>Mostly Jazz with Carla<br>Easter Jazz Jam Session \u2014 Free Entry!<br>Susanna Sandell<br>Organic Growth plays Coltrane<br>Los Cinco de Pampas<br>Aleksi Heinola Quartet (FIN\/HUN\/SWE)<br>Rebecca Varhama \u2014 Tribute to Eva Cassidy<br>Mappe3 (SWE)<\/td><\/tr><tr><td><strong>2023 Fall<br><\/strong><br><br>FolkBop: Johanna L\u00f6nngren &amp; Rie<br>Bag of Music<br>Masters Of The University<br>Tinja Sabel &amp; Charlotta Kerbs<br>Reggatta de Blanc \u2014 Tribute to The Police<br>Rebecca Varhama &#8211; Tribute to Eva Cassidy<br>Sandberg\/B\u00e4ckstr\u00f6m\/Nylund<br>FolkBop: Tjango Valdman\/R\u00f6\u00dfeler\/Nylund\/Tuuri Quartet (EST\/FIN)<br>Bianca Morales &amp; S\u00f6derbacka-Matikainen Duo<br>Sofie Lundell<br>Georg &#8220;Jojje&#8221; Wadenius (SWE)<br>Kaisa&#8217;s Machine (FIN\/DNK\/USA)<br>Tom Ollendorff (UK)<br>Mariah Hortans &amp; Mariam Junolainen<br>Mary Joan<br>Johnny Nordstr\u00f6m<br>Organic Growth in Corea<br>FolkBop: Lapua-Uusi-Guinea<br>Tuomas Paukku Scription<br>Jorge Da Rocha &amp; Dule (PRT\/FIN)<br>La Riippa Group<br>Hot Club de Jakobstad<br>REMIHA<br>Los cinco de Pampas<br>Charity concert: Make Music Not Violence<\/td><\/tr><tr><td><strong>2022 Spring<br><\/strong><br>Classical Club: Erica Nyg\u00e5rd &amp; Leenakaisa Sandberg<br>Five Steps Acoustic Band<br>Tuomo Uusitalo Trio<br>Ida Alanen Trio<br>Rebecka Sretenovic<br>Mathias Sandberg Trio<br>Soul What? feat. Joonatan Rautio<br>Wasa Groove Unit Big Band<br>Classical Club: The Best of Finnish Folk Fiddling!<br>Benjamin Faconnier 4tet (FRA\/ITA\/FIN)<br>La Riippa Group<br>Simon Zion Group<br>D\u00c0IEN5 (ITA\/FIN)<br>IdKa Jazz (SWE\/FIN)<br>Roland Junell \u2013 &#8220;Themes from a Forest Island&#8221;<br>Tomi Nikku &amp; The Low Standards Trio<br>Rebecca Varhama<br>Martin Kollerup S\u00f8rensen Quartet (DNK)<br>Classical Club: Teho<br>Ossi Maristo<br>No Fortunate Son<br>Tuomas Sepp\u00e4nen Trio<\/td><\/tr><tr><td><strong>2022 Fall<br><\/strong><br>Classical Club: Marttila \u2013 Tiainen \u2013 Hammo \u2013 Koponen<br>Antti Annola Band<br>Mathias Sandberg Trio<br>The Standard Edition<br>Masters of the University<br>R\u00f6\u00dfeler \u2013 B\u00e4ckstr\u00f6m \u2013 Kantonen<br>Jonas Bliss (SWE)<br>Mariam Sandhu<br>Classical Club: Atlantis Ensemble<br>Fort Big Band feat. Peter Asplund (SWE)<br>Joel Frahm Trio (USA\/CAN)<br>Hortans \u2013 Junolainen<br>Finska Snubben &amp; Tom Alfons, as Trasig Telefon<br>Organic Growth plays Coltrane<br>B\u00f6rn-Quartet<br>Kalle Katz Improv<br>Tuomo Uusitalo Trio<br>Jason Hunter (USA) &amp; The Low Standards Trio<br>Classical Club: I F\u00e4\u00e4lan &amp; Bag of Music<br>Tuomas Sepp\u00e4nen<br>IOHN<br>Raoul Bj\u00f6rkenheim eCsTaSy<br>Cuejero (ESP\/SWE)<br>Heiskanen \/ Mal\u00e9n \/ Salom\u00e4ki<br>Aaro Laitinen Quintet<br>I Taubes tecken<\/td><\/tr><tr><td><strong>2021 Fall<br><\/strong><br>Classical Club: Petri Hakala &amp; Piia Kleemola<br>Benjamin Faconnier 4tet (FRA\/ITA\/FIN)<br>Reggatta de Blanc<br>Bruce Almighty<br>Aleksi Heinola Quintet (FIN\/HUN\/SWE)<br>Standards of Living<br>Musik &amp; Talang<br>Musik &amp; Talang<br>Classical Club: Finngips<br>Lexingtone (SWE)<br>Jerry Lindqvist &amp; Sam&#8217;s Garage<br>Mathias Sandberg Trio<br>Double feature: Full Moon Drive + Jorma Lover &amp; The Others<br>David Lyttle (IRL) &amp; S\u00f6derbacka-Matikainen Duo<br>Saana and Friends<br>Mariah Hortans Quartet<br>Jam Session<br>Ik\u00e4valko &amp; Luukkonen Organic Growth<br>Classical Club: Bo Lund &amp; Leenakaisa Sandberg<br>Uxila Exile<br>Double feature: Nightbird + V\u00e4kipy\u00f6r\u00e4<br>Odd Brew<br>Tomi Salesvuo East Funk Attack<br>Triple Bass<br>Masters Of The University<br>JazzAcc 4tet<\/td><\/tr><tr><td><strong>2020 Spring<br><\/strong><br><br>Lanai Nordic View<br>Rodbay Rumblers feat. Laura Luoto<br>Federico Bosio Trio (ITA)<br>Saana &amp; Daniel<br>M Sandberg Trio<br>Br\u00f6der Duo feat. Zacharias Holmkvist<br>Big Band Trio<br>Jerry and the Outlaws &amp; Sam\u2019s Garage<br>Alex Duarte Nordic Quartet<br>Samoaja<br>Jukkis Uotila 3G Trio<br>Mykonos \/ Mikko Leppikangas<br>Wasa Groove Unit<br>Los Cubatas<br>Nikola Bankov Band (SVK\/DNK)<br>Jam Session (FREE entry!)<br>Clark Jakobsson Quartet<br>Opus Symbiosis<br>Svala<br>Wasa Mafia<br>A Tribute to Bill Evans<\/td><\/tr><tr><td><strong>2020 Fall<br><\/strong><br>Classical Club: Grand Opening<br>Julie London Tribute<br>Svala<br>Mathias Sandberg Trio<br>Tomi Kam\u00e4rainen Trio Jam Session (FREE ENTRY)<br>LegoBr\u00f8der<br>Sandberg \/ Heinola \/ B\u00e4ckstr\u00f6m Trio feat. K\u00e4ldstr\u00f6m &amp; Sj\u00f6lind<br>Classical Club: Duo Martta &amp; Taavi + Soldier&#8217;s Tale<br>Sebastian Sundqvist Trio<br>Philip J\u00e4rvenp\u00e4\u00e4 Blues Experience<br>Double Feature: Elias Kovanko &amp; New Bloom<br>Tribute to Eva Cassidy<br>Ritmos del Sur<br>Rude Mood Orchestra<br>Orchestra Nazionale della Luna (BEL\/FIN\/FRA)<br>MMQ<br>Jorma Tapio &amp; Kaski<br>Classical Club: Celebration of the Finnish Swedish Heritage Day<br>Horace Gold<br>JaccAcc 4tet<br>JWM Group<br>Prinssi Rohkea ja Er\u00e4maan Rotat Trio<br>Chutzpah<br>The Beekeepers<br>Ostrobothnia Rhythm Orchestra<\/td><\/tr><tr><td><strong>2019 Spring<br><\/strong><br>Jerry &amp; the Outlaws<br>Aapo Heinonen Quartet<br>Ove &amp; the Lydians<br>Maisemat (ITA\/USA)<br>Paranoid Android<br>Marek Talts Trio (EST\/FIN)<br>Jam Session (FREE ENTRY)<br>Brazilian Hits Night<br>Uncle G&nbsp;<br>20197 Hess Winter Trio (DNK\/FIN\/USA)&nbsp;<br>Jo&#8217; Buddy&#8217;s Trio Riot<br>Clark Jakobsson Quintet<br>Love Blues<br>Wasa Groove Unit<br>Jam Session (FREE ENTRY)&nbsp;<br>Five Steps SAT 23.3<br>Bubbeli &amp; the Runeberg Orchestra<br>FRI 29.3<br>Jean Erik SAT 30.3<br>Easy West FRI 5.4<br>Mode for Joe<br>Vita Krakor FRI 12.4<br>Jakobsson\/Franck\/Heinola Trio<br>Rebecka Sretenovic, Markus Lytts &amp; Richard Mitts<br>Double feature: Jonathan B\u00e4ckstr\u00f6m Quartet \/ Sebastian Smeds Trio<br>Los cinco de Pampas<br>Jaco vs. Kilju&nbsp;<\/td><\/tr><tr><td><strong>2019 Fall<br><\/strong><br>Aurora Hentunen Quartet<br>Double feature: Kaain &amp; Martin Karlsson<br>M Sandberg Trio<br>Musik &amp; Talang<br>Musik &amp; Talang<br>Mariah&#8217;s Soul Food<br>SM4 with David Lyttle (UK) &amp; Joonatan Rautio<br>Intopiukeet<br>The MJQ Tribute Band<br>Love Blues<br>Jacob Karlzon (SWE)<br>MIA<br>Jonas R\u00f6nnqvist Quartet<br>Rude Mood<br>Zacharias Holmkvist Trio<br>Erik Sj\u00f6holm Band<br>The Ginger Sisters<br>Drummers Delight<br>Jerry Lindqvist<br>FiveSteps<br>Double feature: Rebecca Varhama &amp; Matilda \u00c4ngerman<br>Bowman Trio<br>Lin Pan Alry-Landmank of American Music<\/td><\/tr><tr><td><strong>2018 Spring<br><\/strong><br>Pulse<br>M Sandberg Trio<br>Teija Niku Quartet + D\u00e9sir\u00e9e Saarela &amp; Triskel<br>Richard Smith Band<br>Love Blues<br>Mariah Hortans Quartet<br>Musik &amp; Talang<br>Musik &amp; Talang<br>Musik &amp; Talang<br>Tomi Salesvuo East Funk Attack<br>PK4<br>Rebecka Sretenovic &amp; Markus Lytts<br>Mikko Saari Organ Trio + Improclub<br>Jorma Lover &amp; The Others<br>Nick Mancini (USA)<br>Sam&#8217;s Garage<br>Stand-up + Bless Wes<br>Bottenslam<br>Tal Gamlieli Trio (ISR)<br>Funky Sound Foundation<br>The Ginger Sisters<br>Fog Light<br>Double Image<br>Soul What? feat. Joonatan Rautio<br>Case K\u00e4m\u00e4r\u00e4inen<br>EL3<br>The Brecker Brothers Tribute<\/td><\/tr><tr><td><strong>2018 Fall<br><\/strong><br>Pulse<br>M Sandberg Trio<br>Double feature: Teija Niku Quartet + D\u00e9sir\u00e9e Saarela &amp; Triskel<br>Richard Smith Band<br>Love Blues<br>Mariah Hortans Quartet<br>Musik &amp; Talang<br>Musik &amp; Talang<br>Musik &amp; Talang<br>Tomi Salesuo East Funk Attack<br>PK 4<br>Rebecka Sretenovic &amp; Markus Lytts<br>Mikko Saari Organ Trio + Improclub<br>Jorma Lover &amp; The Others<br>Nick Mancini (USA)<br>Sam&#8217;s Garage<br>Stand-up + Bless Wes<br>Bottenslam<br>Tal Gamlieli Trio (ISR)<br>Funky Sound Foundation<br>The Ginger Sisters<br>Fog Light<br>Double Image<br>Soul What? feat. Joonatan Rautio<br>Case K\u00e4m\u00e4r\u00e4inen<br>EL3<br>The Brecker Brothers Tribute<\/td><\/tr><tr><td><strong>2017 Spring<br><\/strong><br>Rude Mood feat. Anders Sj\u00f6berg &amp; Tomas H\u00f6glund<br>The Low Standards Trio plays Oscar Peterson<br>Drummers Delight<br>Forsman \u2013 Lindblom \u2013 Brokvist Trio &amp; Am\u00e9lie Goes to Belgrad<br>Singer\/Songwriter Night<br>Rat Pack Show w\/ Jakob Big Band<br>The Beekeepers<br>Peter Hauptmann Quartz Kvartett<br>Jorma Lover &amp; The Others<br>Wasa Groove Unit Makes a Time Journey<br>Poesi &amp; Musik<br>Pat Metheny Group Tribute<br>I&#8217;m Kingfisher &amp; Nightbird<br>Sandberg \/ Helev\u00e4 \/ M\u00e4kynen<br>Music Quiz<br>MOLy Trio<br>Trionity &amp; Dimma<br>Ritmos del Sur<br>Mariah\u2019s Organic Soul Food<br>A Tribute to Ella Fitzgerald w\/ Fort Big Band<br>SVEN<br>P-O Nilsson Trio feat. Gilad Hekselman (SWE\/USA)<br>FANNY &amp; Wise Girls<br>Victor&#8217;s Music Machine<br>The Napkins<br>Groove Missile celebrates Finland 100<br>Able on Organ + Jerry &amp; The Outlaws<br>Jonas R\u00f6nnqvist Quartet (SWE)<br>Skolmusik 2017: Mosaikkonserter<br>Skolmusik 2017: Mosaikkonserter<br>Skolmusik 2017: Johanna Gr\u00fcssner &amp; Friends<br>Hahto \u2013 Hy\u00f6ty \u2013 Lindblom \u2013 Saari<br>The Chairmen &amp; Crimson Peak<br>M Sandberg Trio feat. Anders Sj\u00f6lind<\/td><\/tr><tr><td><strong>2017 Fall<br><\/strong><br>H.A.B.<br>Sebastian Sundqvist Trio<br>Singer-Songwriter Night<br>Jonathan B\u00e4ckstr\u00f6m Trio<br>Musik &amp; Talang: Mia Renwall, Rickard Eklund &amp; Jam<br>Musik &amp; Talang: Felicia, Lauri Schreck &amp; SVEN<br>ImproClub<br>Herbie Hancock Project<br>Love Blues<br>Ari Hoenig Quartet (USA)<br>Siru<br>The Low Standards Trio<br>Kurt Rosenwinkel Trio (USA)<br>Fredrik Kronkvist Afro Cuban Supreme<br>feat. Jason Marsalis &amp; Eliel Lazo (SWE\/USA\/CUB)<br>Emilia Enlund<br>The Five Steps<br>ImproWasatation<br>ImproWasatation<br>Volume Live: Jukka Nousiainen &amp; Hilanders<br>Mariah Hortans Jazz Quartet<br>Martin Karlsson &amp; Alexandra Lumme<br>Bottenslam<br>Tango!<br>Wasa Groove Unit<\/td><\/tr><tr><td><strong>2016 spring<br><\/strong><br>Kauko R\u00f6yhk\u00e4<br>Clark Jakobsson Quartet<br>Angie Iglesias goes Adele<br>Tomas Karlsson \u2013 \u201cZen Guitar Songs\u201d (CD release)<br>Sandra L\u00e5ngbacka<br>Martin Kollerup S\u00f8rensen Trio (DNK\/SWE)<br>The Moves<br>Lars Jansson Trio &amp; Tommy Lakso (SWE)<br>Los Cubatas<br>Jere Lahti Group<br>Green Light District<br>Wasa Gypsy Jazz Trio<br>We For She \u2014 UN Women Benefit Concert<br>Waltz for Debby Revisited<br>Intopiukeet: Improv Theater<br>Mikko Saari Trio<br>Funky Sound Foundation<br>BPM-unit<br>Express<br>Birth of the Cool<br>My Five Strings<br>ENQ<br>Johan Emet &amp; The Masters of the Universe<br>Alex J\u00f8nsson \u2013 \u201cSpy on Your Friends\u201d (DNK)<br>Jerry Lindqvist<br>Ilkka Rantam\u00e4ki, Northern Way &amp; The Bluesbrokers<br>Intopiukeet: Improv Theater<br>Sandberg \/ Helev\u00e4 \/ M\u00e4kynen<br>Ginger Sisters<br>Myriad3 (CAN)<br>Ritmos del Sur<br>Five Steps<br>Mariah Hortans Quartet<br>Fifth Avenue<\/td><\/tr><tr><td><strong>2016 Fall<br><\/strong><br>Angie Iglesias goes Adele<br>Aleksi Heinola Quartet<br>H.A.B \u2013 Henri Aalto Band<br>Musik &amp; Talang<br>Schlagwerk Gotland<br>Jazz Quartet (SWE)<br>Student Night: M Sandberg Trio feat. Anders Sj\u00f6lind<br>Tito Calato<br>Chick Corea Tribute<br>Soul What? feat. Joonatan Rautio<br>Sanna Ruohoniemi (SWE\/FIN)<br>Comeback Trio<br>Forsman \u2013 Lindblom \u2013 Brokvist<br>The Sundqvist Collective plays Bo Kaspers<br>Tribute to Hank Mobley<br>Rickard Eklund &amp; Nightbird<br>Mariam Sandhu &amp; Clark Jakobsson Quartet<br>Gorilla 15<br>Joonas Widenius Trio<br>Singer-songwriter night + Emil &amp; Matilda<br>The Beekeepers<br>Los Cubatas<br>Poesi &amp; Musik<br>Tuomas Paukku<br>Frank Zappa Memorial Pancake Breakfast<br>Lars Jansson Trio (SWE)<br>Freedom 35: Reloaded<br>Niklas Winter &amp; Ulf Wakenius (FIN\/SWE)<\/td><\/tr><tr><td><strong>2015 Spring<br><\/strong><br>Eric Alexander Quartet (USA\/SWE)<br>Sounds of Bakersfield<br>Olli Rantala Trio<br>Intopiukeet: Improv Theater<br>West Yard Jazz Quartet<br>Disco i mitt hj\u00e4rta<br>Ritmos del Sur<br>Ritz Lindy Hoppers: Social Dance<br>Niklas Winter &amp; Severi Pyysalo<br>WeForShe \u2013 UN Women Benefit Concert<br>Pelle Holmberg Group (SWE)<br>Music Is the Weapon (SWE)<br>ENQ<br>David Kollar<br>Will Vinson<br>Petteri Sariola<br>Henrik Wirzenius Quartet<br>Volume: Lapko<br>Jere Lahti Group<br>Thoby Loth<br>Speak No Evil &amp; Rickard Slotte Quartet<br>Intopiukeet: Improv Theater<br>Clark Jakobsson Quartet feat. Charlotta Kerbs<br>Volume: Tundramatiks<br>Ikonen\u2013Hirvonen\u2013Lehtonen<br>Splendid People<br>Los Cubatas<br>Boo Fighters<br>Ginger Sisters<br>DJ Organ!k<br>The Good Vibe Band<br>Doo-Bop Club 20th Anniversary Celebration: Open Mic \/ Jam Session<br>Doo-Bop Club 20th Anniversary Celebration: TBA<\/td><\/tr><tr><td><strong>2015 Fall<\/strong><br><br>Petteri Sariola<br>Hans Olding &amp; Jaska Lukkarinen Quartet feat. K-M Almqvist (SWE)<br>Intopiukeet: Improv Theater<br>Los Cubatas \/ DJ Free KC<br>Musik &amp; Talang: Carling Big Band (SWE) \/ Ronya<br>Musik &amp; Talang: Ketola &amp; Nyqvist \/ Ung Musiker \/ Jam Session<br>Colorblue \/ Disco i mitt hj\u00e4rta<br>Niklas Winter &amp; Mathias Sandberg Quartet<br>Joe Vestich feat. Leszek Chichonski (POL)<br>Nils Landgren (SWE)<br>Nino Ramsby (SWE)<br>Alicia Ricciardi (ITA)<br>Volume: Death Hawks &amp; Sammal<br>Peter Nordwall Quartet<br>Guitar Frenzy!<br>M Sandberg Trio<br>La Riippa Group<br>Mariah Hortans Quartet<br>Jazz Jam Session \/ Ritz Lindy Hoppers: Social Dance<br>LSD \u2013 Lindborg, Sj\u00f6stedt &amp; Daniel (SWE)<br>Ritmos del Sur<br>Ralf Nyqvist Quartet<br>Iron Country Sisters \/ Nightbird<br>Vaasa Big Band feat. Jenny Robson &amp; Mikael Jakobsson<br>Intopiukeet: Improv Theater<br>H\u00e5kan Brostr\u00f6m Quartet feat. Joey Calderazzo (USA)<br>1\/2 Cast<br>Jim Campilongo (USA)<br>LYSA<br>Orchestra Wave<br>Amelie Goes to Belgrad<br>FONT<\/td><\/tr><\/tbody><\/table><\/figure>\n\n\n\n<p><br><\/p>\n\n\n\n<p><\/p>\n\n\n\n<p><br><\/p>\n\n\n\n<p><\/p>\n\n\n\n<p><\/p>\n\n\n\n<p><\/p>\n\n\n\n<p><\/p>\n","protected":false},"excerpt":{"rendered":"<p>Artist\/band\/Events 2025 Fall The CONTINENTALSAurora Music ForumAurora Music ForumFlorian Fleischer und das Gelbe vom Ei (DEU\/MEX\/ESP\/LVA )Sam&#8217;s GarageThe HaraldsOiva Haapam\u00e4ki QuartetDouble feature: Manel Ferreira (PRT) + Tuomas PaukkuNylund\/B\u00e4ckstr\u00f6m\/ Sandberg &#8211; Time Machine: 1965The Stance BrothersWillow HerdKjetil Mulelid Trio (NOR)Timo R-J Quartet feat. Heidi Saarim\u00e4ki (Theme Night &#8211; Yarn &amp; Jazz)Siina SuutarinenSandberg, Rinta &amp; KantonenOrphan WavesNew &hellip; <a href=\"https:\/\/doobop.fi\/?page_id=5411\" class=\"more-link\">Continue reading <span class=\"screen-reader-text\">Past Events<\/span><\/a><\/p>\n","protected":false},"author":5,"featured_media":0,"parent":0,"menu_order":0,"comment_status":"closed","ping_status":"closed","template":"","meta":{"footnotes":""},"class_list":["post-5411","page","type-page","status-publish","hentry"],"yoast_head":"<!-- This site is optimized with the Yoast SEO plugin v27.5 - https:\/\/yoast.com\/product\/yoast-seo-wordpress\/ -->\n<title>Past Events - Doo-Bop Club<\/title>\n<meta name=\"robots\" content=\"index, follow, max-snippet:-1, max-image-preview:large, max-video-preview:-1\" \/>\n<link rel=\"canonical\" href=\"https:\/\/doobop.fi\/?page_id=5411\" \/>\n<meta property=\"og:locale\" content=\"en_US\" \/>\n<meta property=\"og:type\" content=\"article\" \/>\n<meta property=\"og:title\" content=\"Past Events - Doo-Bop Club\" \/>\n<meta property=\"og:description\" content=\"Artist\/band\/Events 2025 Fall The CONTINENTALSAurora Music ForumAurora Music ForumFlorian Fleischer und das Gelbe vom Ei (DEU\/MEX\/ESP\/LVA )Sam&#8217;s GarageThe HaraldsOiva Haapam\u00e4ki QuartetDouble feature: Manel Ferreira (PRT) + Tuomas PaukkuNylund\/B\u00e4ckstr\u00f6m\/ Sandberg &#8211; Time Machine: 1965The Stance BrothersWillow HerdKjetil Mulelid Trio (NOR)Timo R-J Quartet feat. Heidi Saarim\u00e4ki (Theme Night &#8211; Yarn &amp; Jazz)Siina SuutarinenSandberg, Rinta &amp; KantonenOrphan WavesNew &hellip; Continue reading Past Events\" \/>\n<meta property=\"og:url\" content=\"https:\/\/doobop.fi\/?page_id=5411\" \/>\n<meta property=\"og:site_name\" content=\"Doo-Bop Club\" \/>\n<meta property=\"article:modified_time\" content=\"2025-12-03T12:39:45+00:00\" \/>\n<meta name=\"twitter:card\" content=\"summary_large_image\" \/>\n<meta name=\"twitter:label1\" content=\"Est. reading time\" \/>\n\t<meta name=\"twitter:data1\" content=\"9 minutes\" \/>\n<script type=\"application\/ld+json\" class=\"yoast-schema-graph\">{\"@context\":\"https:\\\/\\\/schema.org\",\"@graph\":[{\"@type\":\"WebPage\",\"@id\":\"https:\\\/\\\/doobop.fi\\\/?page_id=5411\",\"url\":\"https:\\\/\\\/doobop.fi\\\/?page_id=5411\",\"name\":\"Past Events - Doo-Bop Club\",\"isPartOf\":{\"@id\":\"https:\\\/\\\/doobop.fi\\\/#website\"},\"datePublished\":\"2025-12-03T11:20:04+00:00\",\"dateModified\":\"2025-12-03T12:39:45+00:00\",\"breadcrumb\":{\"@id\":\"https:\\\/\\\/doobop.fi\\\/?page_id=5411#breadcrumb\"},\"inLanguage\":\"en\",\"potentialAction\":[{\"@type\":\"ReadAction\",\"target\":[\"https:\\\/\\\/doobop.fi\\\/?page_id=5411\"]}]},{\"@type\":\"BreadcrumbList\",\"@id\":\"https:\\\/\\\/doobop.fi\\\/?page_id=5411#breadcrumb\",\"itemListElement\":[{\"@type\":\"ListItem\",\"position\":1,\"name\":\"Home\",\"item\":\"https:\\\/\\\/doobop.fi\\\/\"},{\"@type\":\"ListItem\",\"position\":2,\"name\":\"Past Events\"}]},{\"@type\":\"WebSite\",\"@id\":\"https:\\\/\\\/doobop.fi\\\/#website\",\"url\":\"https:\\\/\\\/doobop.fi\\\/\",\"name\":\"Doo-Bop Club\",\"description\":\"\",\"inLanguage\":\"en\"}]}<\/script>\n<!-- \/ Yoast SEO plugin. -->","yoast_head_json":{"title":"Past Events - Doo-Bop Club","robots":{"index":"index","follow":"follow","max-snippet":"max-snippet:-1","max-image-preview":"max-image-preview:large","max-video-preview":"max-video-preview:-1"},"canonical":"https:\/\/doobop.fi\/?page_id=5411","og_locale":"en_US","og_type":"article","og_title":"Past Events - Doo-Bop Club","og_description":"Artist\/band\/Events 2025 Fall The CONTINENTALSAurora Music ForumAurora Music ForumFlorian Fleischer und das Gelbe vom Ei (DEU\/MEX\/ESP\/LVA )Sam&#8217;s GarageThe HaraldsOiva Haapam\u00e4ki QuartetDouble feature: Manel Ferreira (PRT) + Tuomas PaukkuNylund\/B\u00e4ckstr\u00f6m\/ Sandberg &#8211; Time Machine: 1965The Stance BrothersWillow HerdKjetil Mulelid Trio (NOR)Timo R-J Quartet feat. Heidi Saarim\u00e4ki (Theme Night &#8211; Yarn &amp; Jazz)Siina SuutarinenSandberg, Rinta &amp; KantonenOrphan WavesNew &hellip; Continue reading Past Events","og_url":"https:\/\/doobop.fi\/?page_id=5411","og_site_name":"Doo-Bop Club","article_modified_time":"2025-12-03T12:39:45+00:00","twitter_card":"summary_large_image","twitter_misc":{"Est. reading time":"9 minutes"},"schema":{"@context":"https:\/\/schema.org","@graph":[{"@type":"WebPage","@id":"https:\/\/doobop.fi\/?page_id=5411","url":"https:\/\/doobop.fi\/?page_id=5411","name":"Past Events - Doo-Bop Club","isPartOf":{"@id":"https:\/\/doobop.fi\/#website"},"datePublished":"2025-12-03T11:20:04+00:00","dateModified":"2025-12-03T12:39:45+00:00","breadcrumb":{"@id":"https:\/\/doobop.fi\/?page_id=5411#breadcrumb"},"inLanguage":"en","potentialAction":[{"@type":"ReadAction","target":["https:\/\/doobop.fi\/?page_id=5411"]}]},{"@type":"BreadcrumbList","@id":"https:\/\/doobop.fi\/?page_id=5411#breadcrumb","itemListElement":[{"@type":"ListItem","position":1,"name":"Home","item":"https:\/\/doobop.fi\/"},{"@type":"ListItem","position":2,"name":"Past Events"}]},{"@type":"WebSite","@id":"https:\/\/doobop.fi\/#website","url":"https:\/\/doobop.fi\/","name":"Doo-Bop Club","description":"","inLanguage":"en"}]}},"jetpack_sharing_enabled":true,"_links":{"self":[{"href":"https:\/\/doobop.fi\/index.php?rest_route=\/wp\/v2\/pages\/5411","targetHints":{"allow":["GET"]}}],"collection":[{"href":"https:\/\/doobop.fi\/index.php?rest_route=\/wp\/v2\/pages"}],"about":[{"href":"https:\/\/doobop.fi\/index.php?rest_route=\/wp\/v2\/types\/page"}],"author":[{"embeddable":true,"href":"https:\/\/doobop.fi\/index.php?rest_route=\/wp\/v2\/users\/5"}],"replies":[{"embeddable":true,"href":"https:\/\/doobop.fi\/index.php?rest_route=%2Fwp%2Fv2%2Fcomments&post=5411"}],"version-history":[{"count":4,"href":"https:\/\/doobop.fi\/index.php?rest_route=\/wp\/v2\/pages\/5411\/revisions"}],"predecessor-version":[{"id":5418,"href":"https:\/\/doobop.fi\/index.php?rest_route=\/wp\/v2\/pages\/5411\/revisions\/5418"}],"wp:attachment":[{"href":"https:\/\/doobop.fi\/index.php?rest_route=%2Fwp%2Fv2%2Fmedia&parent=5411"}],"curies":[{"name":"wp","href":"https:\/\/api.w.org\/{rel}","templated":true}]}}