{"id":5146,"date":"2025-05-29T20:23:14","date_gmt":"2025-05-29T17:23:14","guid":{"rendered":"http:\/\/doobop.fi\/?page_id=5146"},"modified":"2026-01-25T22:23:39","modified_gmt":"2026-01-25T19:23:39","slug":"suomeksi","status":"publish","type":"page","link":"https:\/\/doobop.fi\/?page_id=5146","title":{"rendered":"Suomeksi"},"content":{"rendered":"\n<p>Doo-Bop Club on 30 vuotta vanha musiikkiklubi Vasa-aukion vieress\u00e4. Klubilla on oma musiikkilava, p\u00e4\u00e4toimintamme on konserttien j\u00e4rjest\u00e4minen. Kalenterivuoden aikana meill\u00e4 on kev\u00e4t- ja syyskausi, jotka alkavat ja p\u00e4\u00e4ttyv\u00e4t samaan aikaan ammatillisten oppilaitosten kanssa. Konsertin ohjelmisto on laaja ja sis\u00e4lt\u00e4\u00e4 musiikkia eri tyyleist\u00e4. B\u00e4ndi- ja artistikunta koostuu kaikesta paikallisista kyvyist\u00e4 kansainv\u00e4lisiin t\u00e4htiin.<br><br><br><strong>Aukioloajat:<br><\/strong>Konsertteja j\u00e4rjestet\u00e4\u00e4n perjantaisin ja lauantaisin, ovet aukeavat klo 19.00 ja konsertit alkavat pian klo 20.00 j\u00e4lkeen. Jokainen konsertti koostuu kahdesta noin 45 minuutin mittaisesta n\u00e4yt\u00f6ksest\u00e4, joiden v\u00e4liss\u00e4 on 15 minuutin tauko. Doo-Bop sulkeutuu keskiy\u00f6ll\u00e4.<br><br><br>Klubi tarjoaa alkoholijuomia ja alkoholitontajuomia kaikille konserttik\u00e4vij\u00f6ille (ik\u00e4raja huomioiden).<br><br><br><br><strong>Sis\u00e4\u00e4nk\u00e4ynti:<br><\/strong>Ellei toisin mainita, 12 \u20ac (normaali), 8 \u20ac (oppilas), j\u00e4senet ilmaiseksi. Ei narikkamaksua.<br><br>Tapahtumamme ovat esikoululaisille ja 18-vuotiaille tarkoitettuja. 15\u201317-vuotiaat vierailijat voivat osallistua tapahtumiimme, jos he ovat huoltajansa seurassa ja ilmoittavat meille asiasta etuk\u00e4teen. Alle 15-vuotiaat lapset eiv\u00e4t ole sallittuja tapahtumissamme.<br><br>J\u00e4senmaksu: 30 \u20ac\/kausi.<br>J\u00e4senkortin voi ostaa baarista, ja sill\u00e4 p\u00e4\u00e4see kaikkiin Doo-Bop Clubin j\u00e4rjest\u00e4miin konsertteihin kuluvan kauden aikana.<\/p>\n","protected":false},"excerpt":{"rendered":"<p>Doo-Bop Club on 30 vuotta vanha musiikkiklubi Vasa-aukion vieress\u00e4. Klubilla on oma musiikkilava, p\u00e4\u00e4toimintamme on konserttien j\u00e4rjest\u00e4minen. Kalenterivuoden aikana meill\u00e4 on kev\u00e4t- ja syyskausi, jotka alkavat ja p\u00e4\u00e4ttyv\u00e4t samaan aikaan ammatillisten oppilaitosten kanssa. Konsertin ohjelmisto on laaja ja sis\u00e4lt\u00e4\u00e4 musiikkia eri tyyleist\u00e4. B\u00e4ndi- ja artistikunta koostuu kaikesta paikallisista kyvyist\u00e4 kansainv\u00e4lisiin t\u00e4htiin. Aukioloajat:Konsertteja j\u00e4rjestet\u00e4\u00e4n perjantaisin ja &hellip; <a href=\"https:\/\/doobop.fi\/?page_id=5146\" class=\"more-link\">Continue reading <span class=\"screen-reader-text\">Suomeksi<\/span><\/a><\/p>\n","protected":false},"author":1,"featured_media":0,"parent":0,"menu_order":0,"comment_status":"closed","ping_status":"closed","template":"","meta":{"footnotes":""},"class_list":["post-5146","page","type-page","status-publish","hentry"],"yoast_head":"<!-- This site is optimized with the Yoast SEO plugin v27.5 - https:\/\/yoast.com\/product\/yoast-seo-wordpress\/ -->\n<title>Suomeksi - Doo-Bop Club<\/title>\n<meta name=\"robots\" content=\"index, follow, max-snippet:-1, max-image-preview:large, max-video-preview:-1\" \/>\n<link rel=\"canonical\" href=\"https:\/\/doobop.fi\/?page_id=5146\" \/>\n<meta property=\"og:locale\" content=\"en_US\" \/>\n<meta property=\"og:type\" content=\"article\" \/>\n<meta property=\"og:title\" content=\"Suomeksi - Doo-Bop Club\" \/>\n<meta property=\"og:description\" content=\"Doo-Bop Club on 30 vuotta vanha musiikkiklubi Vasa-aukion vieress\u00e4. Klubilla on oma musiikkilava, p\u00e4\u00e4toimintamme on konserttien j\u00e4rjest\u00e4minen. Kalenterivuoden aikana meill\u00e4 on kev\u00e4t- ja syyskausi, jotka alkavat ja p\u00e4\u00e4ttyv\u00e4t samaan aikaan ammatillisten oppilaitosten kanssa. Konsertin ohjelmisto on laaja ja sis\u00e4lt\u00e4\u00e4 musiikkia eri tyyleist\u00e4. B\u00e4ndi- ja artistikunta koostuu kaikesta paikallisista kyvyist\u00e4 kansainv\u00e4lisiin t\u00e4htiin. Aukioloajat:Konsertteja j\u00e4rjestet\u00e4\u00e4n perjantaisin ja &hellip; Continue reading Suomeksi\" \/>\n<meta property=\"og:url\" content=\"https:\/\/doobop.fi\/?page_id=5146\" \/>\n<meta property=\"og:site_name\" content=\"Doo-Bop Club\" \/>\n<meta property=\"article:modified_time\" content=\"2026-01-25T19:23:39+00:00\" \/>\n<meta name=\"twitter:card\" content=\"summary_large_image\" \/>\n<meta name=\"twitter:label1\" content=\"Est. reading time\" \/>\n\t<meta name=\"twitter:data1\" content=\"1 minute\" \/>\n<script type=\"application\/ld+json\" class=\"yoast-schema-graph\">{\"@context\":\"https:\\\/\\\/schema.org\",\"@graph\":[{\"@type\":\"WebPage\",\"@id\":\"https:\\\/\\\/doobop.fi\\\/?page_id=5146\",\"url\":\"https:\\\/\\\/doobop.fi\\\/?page_id=5146\",\"name\":\"Suomeksi - Doo-Bop Club\",\"isPartOf\":{\"@id\":\"https:\\\/\\\/doobop.fi\\\/#website\"},\"datePublished\":\"2025-05-29T17:23:14+00:00\",\"dateModified\":\"2026-01-25T19:23:39+00:00\",\"breadcrumb\":{\"@id\":\"https:\\\/\\\/doobop.fi\\\/?page_id=5146#breadcrumb\"},\"inLanguage\":\"en\",\"potentialAction\":[{\"@type\":\"ReadAction\",\"target\":[\"https:\\\/\\\/doobop.fi\\\/?page_id=5146\"]}]},{\"@type\":\"BreadcrumbList\",\"@id\":\"https:\\\/\\\/doobop.fi\\\/?page_id=5146#breadcrumb\",\"itemListElement\":[{\"@type\":\"ListItem\",\"position\":1,\"name\":\"Home\",\"item\":\"https:\\\/\\\/doobop.fi\\\/\"},{\"@type\":\"ListItem\",\"position\":2,\"name\":\"Suomeksi\"}]},{\"@type\":\"WebSite\",\"@id\":\"https:\\\/\\\/doobop.fi\\\/#website\",\"url\":\"https:\\\/\\\/doobop.fi\\\/\",\"name\":\"Doo-Bop Club\",\"description\":\"\",\"inLanguage\":\"en\"}]}<\/script>\n<!-- \/ Yoast SEO plugin. -->","yoast_head_json":{"title":"Suomeksi - Doo-Bop Club","robots":{"index":"index","follow":"follow","max-snippet":"max-snippet:-1","max-image-preview":"max-image-preview:large","max-video-preview":"max-video-preview:-1"},"canonical":"https:\/\/doobop.fi\/?page_id=5146","og_locale":"en_US","og_type":"article","og_title":"Suomeksi - Doo-Bop Club","og_description":"Doo-Bop Club on 30 vuotta vanha musiikkiklubi Vasa-aukion vieress\u00e4. Klubilla on oma musiikkilava, p\u00e4\u00e4toimintamme on konserttien j\u00e4rjest\u00e4minen. Kalenterivuoden aikana meill\u00e4 on kev\u00e4t- ja syyskausi, jotka alkavat ja p\u00e4\u00e4ttyv\u00e4t samaan aikaan ammatillisten oppilaitosten kanssa. Konsertin ohjelmisto on laaja ja sis\u00e4lt\u00e4\u00e4 musiikkia eri tyyleist\u00e4. B\u00e4ndi- ja artistikunta koostuu kaikesta paikallisista kyvyist\u00e4 kansainv\u00e4lisiin t\u00e4htiin. Aukioloajat:Konsertteja j\u00e4rjestet\u00e4\u00e4n perjantaisin ja &hellip; Continue reading Suomeksi","og_url":"https:\/\/doobop.fi\/?page_id=5146","og_site_name":"Doo-Bop Club","article_modified_time":"2026-01-25T19:23:39+00:00","twitter_card":"summary_large_image","twitter_misc":{"Est. reading time":"1 minute"},"schema":{"@context":"https:\/\/schema.org","@graph":[{"@type":"WebPage","@id":"https:\/\/doobop.fi\/?page_id=5146","url":"https:\/\/doobop.fi\/?page_id=5146","name":"Suomeksi - Doo-Bop Club","isPartOf":{"@id":"https:\/\/doobop.fi\/#website"},"datePublished":"2025-05-29T17:23:14+00:00","dateModified":"2026-01-25T19:23:39+00:00","breadcrumb":{"@id":"https:\/\/doobop.fi\/?page_id=5146#breadcrumb"},"inLanguage":"en","potentialAction":[{"@type":"ReadAction","target":["https:\/\/doobop.fi\/?page_id=5146"]}]},{"@type":"BreadcrumbList","@id":"https:\/\/doobop.fi\/?page_id=5146#breadcrumb","itemListElement":[{"@type":"ListItem","position":1,"name":"Home","item":"https:\/\/doobop.fi\/"},{"@type":"ListItem","position":2,"name":"Suomeksi"}]},{"@type":"WebSite","@id":"https:\/\/doobop.fi\/#website","url":"https:\/\/doobop.fi\/","name":"Doo-Bop Club","description":"","inLanguage":"en"}]}},"jetpack_sharing_enabled":true,"_links":{"self":[{"href":"https:\/\/doobop.fi\/index.php?rest_route=\/wp\/v2\/pages\/5146","targetHints":{"allow":["GET"]}}],"collection":[{"href":"https:\/\/doobop.fi\/index.php?rest_route=\/wp\/v2\/pages"}],"about":[{"href":"https:\/\/doobop.fi\/index.php?rest_route=\/wp\/v2\/types\/page"}],"author":[{"embeddable":true,"href":"https:\/\/doobop.fi\/index.php?rest_route=\/wp\/v2\/users\/1"}],"replies":[{"embeddable":true,"href":"https:\/\/doobop.fi\/index.php?rest_route=%2Fwp%2Fv2%2Fcomments&post=5146"}],"version-history":[{"count":2,"href":"https:\/\/doobop.fi\/index.php?rest_route=\/wp\/v2\/pages\/5146\/revisions"}],"predecessor-version":[{"id":5465,"href":"https:\/\/doobop.fi\/index.php?rest_route=\/wp\/v2\/pages\/5146\/revisions\/5465"}],"wp:attachment":[{"href":"https:\/\/doobop.fi\/index.php?rest_route=%2Fwp%2Fv2%2Fmedia&parent=5146"}],"curies":[{"name":"wp","href":"https:\/\/api.w.org\/{rel}","templated":true}]}}